{"id":5156,"date":"2024-03-14T15:22:53","date_gmt":"2024-03-14T14:22:53","guid":{"rendered":"https:\/\/hermaser.com\/website\/?page_id=5156"},"modified":"2024-05-07T23:56:02","modified_gmt":"2024-05-07T21:56:02","slug":"enduit-projetes","status":"publish","type":"page","link":"https:\/\/hapower.ma\/index.php\/enduit-projetes\/","title":{"rendered":"Energie Renouvelable"},"content":{"rendered":"\t\t<div data-elementor-type=\"wp-page\" data-elementor-id=\"5156\" class=\"elementor elementor-5156\">\n\t\t\t\t\t\t<section class=\"elementor-section elementor-top-section elementor-element elementor-element-2c31b84 elementor-section-content-middle ot-traditional elementor-section-boxed elementor-section-height-default elementor-section-height-default\" data-id=\"2c31b84\" data-element_type=\"section\">\n\t\t\t\t\t\t<div class=\"elementor-container elementor-column-gap-extended\">\n\t\t\t\t\t<div class=\"elementor-column elementor-col-50 elementor-top-column elementor-element elementor-element-f6e1d3a ot-flex-column-vertical\" data-id=\"f6e1d3a\" data-element_type=\"column\">\n\t\t\t<div class=\"elementor-widget-wrap elementor-element-populated\">\n\t\t\t\t\t\t<div class=\"elementor-element elementor-element-53c9471 elementor-widget elementor-widget-image\" data-id=\"53c9471\" data-element_type=\"widget\" data-widget_type=\"image.default\">\n\t\t\t\t<div class=\"elementor-widget-container\">\n\t\t\t<style>\/*! elementor - v3.20.0 - 11-03-2024 *\/\n.elementor-widget-image{text-align:center}.elementor-widget-image a{display:inline-block}.elementor-widget-image a img[src$=\".svg\"]{width:48px}.elementor-widget-image img{vertical-align:middle;display:inline-block}<\/style>\t\t\t\t\t\t\t\t\t\t<img fetchpriority=\"high\" decoding=\"async\" width=\"800\" height=\"533\" src=\"https:\/\/hapower.ma\/wp-content\/uploads\/2024\/05\/maroc_energies_propres.jpg\" class=\"attachment-full size-full wp-image-5626\" alt=\"\" srcset=\"https:\/\/hapower.ma\/wp-content\/uploads\/2024\/05\/maroc_energies_propres.jpg 800w, https:\/\/hapower.ma\/wp-content\/uploads\/2024\/05\/maroc_energies_propres-300x200.jpg 300w, https:\/\/hapower.ma\/wp-content\/uploads\/2024\/05\/maroc_energies_propres-768x512.jpg 768w, https:\/\/hapower.ma\/wp-content\/uploads\/2024\/05\/maroc_energies_propres-720x480.jpg 720w\" sizes=\"(max-width: 800px) 100vw, 800px\" \/>\t\t\t\t\t\t\t\t\t\t\t\t\t<\/div>\n\t\t\t\t<\/div>\n\t\t\t\t\t<\/div>\n\t\t<\/div>\n\t\t\t\t<div class=\"elementor-column elementor-col-50 elementor-top-column elementor-element elementor-element-933f126 ot-flex-column-vertical\" data-id=\"933f126\" data-element_type=\"column\">\n\t\t\t<div class=\"elementor-widget-wrap elementor-element-populated\">\n\t\t\t\t\t\t<div class=\"elementor-element elementor-element-b7810ae elementor-widget elementor-widget-iheading\" data-id=\"b7810ae\" data-element_type=\"widget\" data-widget_type=\"iheading.default\">\n\t\t\t\t<div class=\"elementor-widget-container\">\n\t\t\t\t\t<div class=\"ot-heading\">\r\n\t        \t            <span>HA POWER <\/span>\r\n\t        <h2 class=\"main-heading\">Energie Renouvelable <\/h2>\t    <\/div>\r\n\t    \t\t<\/div>\n\t\t\t\t<\/div>\n\t\t\t\t<section class=\"elementor-section elementor-inner-section elementor-element elementor-element-3b077c3 elementor-section-full_width ot-traditional elementor-section-height-default elementor-section-height-default\" data-id=\"3b077c3\" data-element_type=\"section\">\n\t\t\t\t\t\t<div class=\"elementor-container elementor-column-gap-extended\">\n\t\t\t\t\t<div class=\"elementor-column elementor-col-100 elementor-inner-column elementor-element elementor-element-09cbf10 ot-flex-column-vertical\" data-id=\"09cbf10\" data-element_type=\"column\">\n\t\t\t<div class=\"elementor-widget-wrap elementor-element-populated\">\n\t\t\t\t\t\t<div class=\"elementor-element elementor-element-9c7ec95 elementor-widget elementor-widget-text-editor\" data-id=\"9c7ec95\" data-element_type=\"widget\" data-widget_type=\"text-editor.default\">\n\t\t\t\t<div class=\"elementor-widget-container\">\n\t\t\t<style>\/*! elementor - v3.20.0 - 11-03-2024 *\/\n.elementor-widget-text-editor.elementor-drop-cap-view-stacked .elementor-drop-cap{background-color:#69727d;color:#fff}.elementor-widget-text-editor.elementor-drop-cap-view-framed .elementor-drop-cap{color:#69727d;border:3px solid;background-color:transparent}.elementor-widget-text-editor:not(.elementor-drop-cap-view-default) .elementor-drop-cap{margin-top:8px}.elementor-widget-text-editor:not(.elementor-drop-cap-view-default) .elementor-drop-cap-letter{width:1em;height:1em}.elementor-widget-text-editor .elementor-drop-cap{float:left;text-align:center;line-height:1;font-size:50px}.elementor-widget-text-editor .elementor-drop-cap-letter{display:inline-block}<\/style>\t\t\t\t<p>Bienvenue chez HA POWER, votre partenaire de confiance dans le domaine de l&rsquo;\u00e9nergie renouvelable. Nous nous d\u00e9dions \u00e0 fournir des solutions innovantes et durables qui r\u00e9pondent \u00e0 vos besoins sp\u00e9cifiques en \u00e9nergie tout en prot\u00e9geant notre environnement. Chez HA POWER, nous croyons fermement \u00e0 l&rsquo;impact positif de l&rsquo;\u00e9nergie propre et nous sommes engag\u00e9s \u00e0 aider nos clients \u00e0 r\u00e9aliser des transitions \u00e9nerg\u00e9tiques efficaces et responsables.<\/p>\t\t\t\t\t\t<\/div>\n\t\t\t\t<\/div>\n\t\t\t\t\t<\/div>\n\t\t<\/div>\n\t\t\t\t\t<\/div>\n\t\t<\/section>\n\t\t\t\t<section class=\"elementor-section elementor-inner-section elementor-element elementor-element-5341dd8 elementor-section-full_width ot-traditional elementor-section-height-default elementor-section-height-default\" data-id=\"5341dd8\" data-element_type=\"section\">\n\t\t\t\t\t\t<div class=\"elementor-container elementor-column-gap-extended\">\n\t\t\t\t\t<div class=\"elementor-column elementor-col-100 elementor-inner-column elementor-element elementor-element-d316ec3 ot-flex-column-vertical\" data-id=\"d316ec3\" data-element_type=\"column\">\n\t\t\t<div class=\"elementor-widget-wrap\">\n\t\t\t\t\t\t\t<\/div>\n\t\t<\/div>\n\t\t\t\t\t<\/div>\n\t\t<\/section>\n\t\t\t\t\t<\/div>\n\t\t<\/div>\n\t\t\t\t\t<\/div>\n\t\t<\/section>\n\t\t\t\t<section class=\"elementor-section elementor-top-section elementor-element elementor-element-df113dc ot-traditional elementor-section-boxed elementor-section-height-default elementor-section-height-default\" data-id=\"df113dc\" data-element_type=\"section\">\n\t\t\t\t\t\t<div class=\"elementor-container elementor-column-gap-extended\">\n\t\t\t\t\t<div class=\"elementor-column elementor-col-33 elementor-top-column elementor-element elementor-element-8c15a97 ot-flex-column-vertical\" data-id=\"8c15a97\" data-element_type=\"column\">\n\t\t\t<div class=\"elementor-widget-wrap elementor-element-populated\">\n\t\t\t\t\t\t<div class=\"elementor-element elementor-element-040fcca elementor-widget elementor-widget-iservice_box\" data-id=\"040fcca\" data-element_type=\"widget\" data-widget_type=\"iservice_box.default\">\n\t\t\t\t<div class=\"elementor-widget-container\">\n\t\t\t\r\n\t\t<div class=\"service-box s-box\">\r\n\t\t\t<span class=\"big-number\">01<\/span>\r\n\t\t\t<div class=\"icon-main\">\r\n\t\t        \t\t\t    \t\t        <span class=\"flaticon-correct\"><\/span>\t        <\/div>\r\n\t        <div class=\"content-box\">\r\n\t            <h5>Solutions sur mesure<\/h5>\r\n\t            <p><\/p>\r\n\t        <\/div>\r\n\t    <\/div>\r\n\r\n\t    \t\t<\/div>\n\t\t\t\t<\/div>\n\t\t\t\t\t<\/div>\n\t\t<\/div>\n\t\t\t\t<div class=\"elementor-column elementor-col-33 elementor-top-column elementor-element elementor-element-193b652 ot-flex-column-vertical\" data-id=\"193b652\" data-element_type=\"column\">\n\t\t\t<div class=\"elementor-widget-wrap elementor-element-populated\">\n\t\t\t\t\t\t<div class=\"elementor-element elementor-element-69c27ae elementor-widget elementor-widget-iservice_box\" data-id=\"69c27ae\" data-element_type=\"widget\" data-widget_type=\"iservice_box.default\">\n\t\t\t\t<div class=\"elementor-widget-container\">\n\t\t\t\r\n\t\t<div class=\"service-box s-box\">\r\n\t\t\t<span class=\"big-number\">01<\/span>\r\n\t\t\t<div class=\"icon-main\">\r\n\t\t        \t\t\t    \t\t        <span class=\"flaticon-correct\"><\/span>\t        <\/div>\r\n\t        <div class=\"content-box\">\r\n\t            <h5>Mise en \u0153uvre <\/h5>\r\n\t            <p><\/p>\r\n\t        <\/div>\r\n\t    <\/div>\r\n\r\n\t    \t\t<\/div>\n\t\t\t\t<\/div>\n\t\t\t\t\t<\/div>\n\t\t<\/div>\n\t\t\t\t<div class=\"elementor-column elementor-col-33 elementor-top-column elementor-element elementor-element-22e81aa ot-flex-column-vertical\" data-id=\"22e81aa\" data-element_type=\"column\">\n\t\t\t<div class=\"elementor-widget-wrap elementor-element-populated\">\n\t\t\t\t\t\t<div class=\"elementor-element elementor-element-7bc3526 elementor-widget elementor-widget-iservice_box\" data-id=\"7bc3526\" data-element_type=\"widget\" data-widget_type=\"iservice_box.default\">\n\t\t\t\t<div class=\"elementor-widget-container\">\n\t\t\t\r\n\t\t<div class=\"service-box s-box\">\r\n\t\t\t<span class=\"big-number\">01<\/span>\r\n\t\t\t<div class=\"icon-main\">\r\n\t\t        \t\t\t    \t\t        <span class=\"flaticon-correct\"><\/span>\t        <\/div>\r\n\t        <div class=\"content-box\">\r\n\t            <h5>Maintenance <\/h5>\r\n\t            <p><\/p>\r\n\t        <\/div>\r\n\t    <\/div>\r\n\r\n\t    \t\t<\/div>\n\t\t\t\t<\/div>\n\t\t\t\t\t<\/div>\n\t\t<\/div>\n\t\t\t\t\t<\/div>\n\t\t<\/section>\n\t\t\t\t<\/div>\n\t\t","protected":false},"excerpt":{"rendered":"<p>HA POWER Energie Renouvelable Bienvenue chez HA POWER, votre partenaire de confiance dans le domaine de l&rsquo;\u00e9nergie renouvelable. Nous nous d\u00e9dions \u00e0 fournir des solutions innovantes et durables qui r\u00e9pondent \u00e0 vos besoins sp\u00e9cifiques en \u00e9nergie tout en prot\u00e9geant notre environnement. Chez HA POWER, nous croyons fermement \u00e0 l&rsquo;impact positif de l&rsquo;\u00e9nergie propre et nous [&hellip;]<\/p>\n","protected":false},"author":1,"featured_media":0,"parent":0,"menu_order":0,"comment_status":"closed","ping_status":"closed","template":"","meta":{"footnotes":"","_joinchat":[]},"_links":{"self":[{"href":"https:\/\/hapower.ma\/index.php\/wp-json\/wp\/v2\/pages\/5156"}],"collection":[{"href":"https:\/\/hapower.ma\/index.php\/wp-json\/wp\/v2\/pages"}],"about":[{"href":"https:\/\/hapower.ma\/index.php\/wp-json\/wp\/v2\/types\/page"}],"author":[{"embeddable":true,"href":"https:\/\/hapower.ma\/index.php\/wp-json\/wp\/v2\/users\/1"}],"replies":[{"embeddable":true,"href":"https:\/\/hapower.ma\/index.php\/wp-json\/wp\/v2\/comments?post=5156"}],"version-history":[{"count":11,"href":"https:\/\/hapower.ma\/index.php\/wp-json\/wp\/v2\/pages\/5156\/revisions"}],"predecessor-version":[{"id":5630,"href":"https:\/\/hapower.ma\/index.php\/wp-json\/wp\/v2\/pages\/5156\/revisions\/5630"}],"wp:attachment":[{"href":"https:\/\/hapower.ma\/index.php\/wp-json\/wp\/v2\/media?parent=5156"}],"curies":[{"name":"wp","href":"https:\/\/api.w.org\/{rel}","templated":true}]}}