{"id":1579,"date":"2020-01-09T04:10:53","date_gmt":"2020-01-09T04:10:53","guid":{"rendered":"http:\/\/wpdemo.archiwp.com\/engitech\/?page_id=1579"},"modified":"2024-05-07T23:36:32","modified_gmt":"2024-05-07T21:36:32","slug":"about-us","status":"publish","type":"page","link":"https:\/\/hapower.ma\/index.php\/about-us\/","title":{"rendered":"About Us"},"content":{"rendered":"\t\t<div data-elementor-type=\"wp-page\" data-elementor-id=\"1579\" class=\"elementor elementor-1579\">\n\t\t\t\t\t\t<section class=\"elementor-section elementor-top-section elementor-element elementor-element-7f3cbd8 elementor-section-content-middle ot-traditional elementor-section-boxed elementor-section-height-default elementor-section-height-default\" data-id=\"7f3cbd8\" data-element_type=\"section\" data-settings=\"{&quot;background_background&quot;:&quot;classic&quot;}\">\n\t\t\t\t\t\t<div class=\"elementor-container elementor-column-gap-extended\">\n\t\t\t\t\t<div class=\"elementor-column elementor-col-50 elementor-top-column elementor-element elementor-element-9fc2569 ot-flex-column-vertical\" data-id=\"9fc2569\" data-element_type=\"column\">\n\t\t\t<div class=\"elementor-widget-wrap elementor-element-populated\">\n\t\t\t\t\t\t<div class=\"elementor-element elementor-element-925ee15 elementor-widget elementor-widget-iheading\" data-id=\"925ee15\" data-element_type=\"widget\" data-widget_type=\"iheading.default\">\n\t\t\t\t<div class=\"elementor-widget-container\">\n\t\t\t\t\t<div class=\"ot-heading\">\r\n\t        \t            <span>A propos de nous<\/span>\r\n\t        <h2 class=\"main-heading\">HA POWER<\/h2>\t    <\/div>\r\n\t    \t\t<\/div>\n\t\t\t\t<\/div>\n\t\t\t\t<div class=\"elementor-element elementor-element-5f326aa elementor-widget elementor-widget-text-editor\" data-id=\"5f326aa\" data-element_type=\"widget\" data-widget_type=\"text-editor.default\">\n\t\t\t\t<div class=\"elementor-widget-container\">\n\t\t\t<style>\/*! elementor - v3.20.0 - 11-03-2024 *\/\n.elementor-widget-text-editor.elementor-drop-cap-view-stacked .elementor-drop-cap{background-color:#69727d;color:#fff}.elementor-widget-text-editor.elementor-drop-cap-view-framed .elementor-drop-cap{color:#69727d;border:3px solid;background-color:transparent}.elementor-widget-text-editor:not(.elementor-drop-cap-view-default) .elementor-drop-cap{margin-top:8px}.elementor-widget-text-editor:not(.elementor-drop-cap-view-default) .elementor-drop-cap-letter{width:1em;height:1em}.elementor-widget-text-editor .elementor-drop-cap{float:left;text-align:center;line-height:1;font-size:50px}.elementor-widget-text-editor .elementor-drop-cap-letter{display:inline-block}<\/style>\t\t\t\t<p>Bienvenue chez HA POWER, votre partenaire de confiance pour des solutions durables en pompage, irrigation et \u00e9nergie renouvelable.<\/p><h4>Notre Engagement<\/h4><p>Chez HA POWER, nous sommes passionn\u00e9s par l&rsquo;innovation et la durabilit\u00e9. Notre engagement est d&rsquo;offrir \u00e0 nos clients des solutions \u00e9nerg\u00e9tiques efficaces et respectueuses de l&rsquo;environnement, tout en r\u00e9pondant \u00e0 leurs besoins sp\u00e9cifiques en mati\u00e8re de pompage, d&rsquo;irrigation et d&rsquo;\u00e9nergie renouvelable.<\/p><h4>Expertise et Excellence<\/h4><p>Forts d&rsquo;une expertise approfondie dans les domaines du pompage, de l&rsquo;irrigation et des \u00e9nergies renouvelables, notre \u00e9quipe de professionnels qualifi\u00e9s travaille sans rel\u00e2che pour fournir des solutions de qualit\u00e9 sup\u00e9rieure. Nous nous effor\u00e7ons d&rsquo;atteindre l&rsquo;excellence dans tout ce que nous entreprenons, en utilisant les derni\u00e8res technologies et en adoptant des pratiques durables.<\/p>\t\t\t\t\t\t<\/div>\n\t\t\t\t<\/div>\n\t\t\t\t\t<\/div>\n\t\t<\/div>\n\t\t\t\t<div class=\"elementor-column elementor-col-50 elementor-top-column elementor-element elementor-element-7564da8 ot-flex-column-vertical\" data-id=\"7564da8\" data-element_type=\"column\">\n\t\t\t<div class=\"elementor-widget-wrap elementor-element-populated\">\n\t\t\t\t\t\t<div class=\"elementor-element elementor-element-87c51e3 elementor-widget elementor-widget-image\" data-id=\"87c51e3\" data-element_type=\"widget\" data-widget_type=\"image.default\">\n\t\t\t\t<div class=\"elementor-widget-container\">\n\t\t\t<style>\/*! elementor - v3.20.0 - 11-03-2024 *\/\n.elementor-widget-image{text-align:center}.elementor-widget-image a{display:inline-block}.elementor-widget-image a img[src$=\".svg\"]{width:48px}.elementor-widget-image img{vertical-align:middle;display:inline-block}<\/style>\t\t\t\t\t\t\t\t\t\t<img fetchpriority=\"high\" decoding=\"async\" width=\"800\" height=\"600\" src=\"https:\/\/hapower.ma\/wp-content\/uploads\/2024\/05\/pompaige-solaire.jpg\" class=\"attachment-large size-large wp-image-5582\" alt=\"\" srcset=\"https:\/\/hapower.ma\/wp-content\/uploads\/2024\/05\/pompaige-solaire.jpg 800w, https:\/\/hapower.ma\/wp-content\/uploads\/2024\/05\/pompaige-solaire-300x225.jpg 300w, https:\/\/hapower.ma\/wp-content\/uploads\/2024\/05\/pompaige-solaire-768x576.jpg 768w, https:\/\/hapower.ma\/wp-content\/uploads\/2024\/05\/pompaige-solaire-720x540.jpg 720w\" sizes=\"(max-width: 800px) 100vw, 800px\" \/>\t\t\t\t\t\t\t\t\t\t\t\t\t<\/div>\n\t\t\t\t<\/div>\n\t\t\t\t\t<\/div>\n\t\t<\/div>\n\t\t\t\t\t<\/div>\n\t\t<\/section>\n\t\t\t\t<section class=\"elementor-section elementor-top-section elementor-element elementor-element-170a49a ot-traditional elementor-section-boxed elementor-section-height-default elementor-section-height-default\" data-id=\"170a49a\" data-element_type=\"section\" data-settings=\"{&quot;background_background&quot;:&quot;classic&quot;}\">\n\t\t\t\t\t\t\t<div class=\"elementor-background-overlay\"><\/div>\n\t\t\t\t\t\t\t<div class=\"elementor-container elementor-column-gap-extended\">\n\t\t\t\t\t<div class=\"elementor-column elementor-col-100 elementor-top-column elementor-element elementor-element-6a613e7 ot-flex-column-vertical\" data-id=\"6a613e7\" data-element_type=\"column\">\n\t\t\t<div class=\"elementor-widget-wrap elementor-element-populated\">\n\t\t\t\t\t\t<div class=\"elementor-element elementor-element-2a85ab8 elementor-widget elementor-widget-iheading\" data-id=\"2a85ab8\" data-element_type=\"widget\" data-widget_type=\"iheading.default\">\n\t\t\t\t<div class=\"elementor-widget-container\">\n\t\t\t\t\t<div class=\"ot-heading\">\r\n\t        \t            <span>HA POWER<\/span>\r\n\t        <h2 class=\"main-heading\">Solutions sur Mesure<\/h2>\t    <\/div>\r\n\t    \t\t<\/div>\n\t\t\t\t<\/div>\n\t\t\t\t<section class=\"elementor-section elementor-inner-section elementor-element elementor-element-3c9f961 elementor-section-full_width ot-traditional elementor-section-height-default elementor-section-height-default\" data-id=\"3c9f961\" data-element_type=\"section\">\n\t\t\t\t\t\t<div class=\"elementor-container elementor-column-gap-default\">\n\t\t\t\t\t<div class=\"elementor-column elementor-col-100 elementor-inner-column elementor-element elementor-element-75497dc ot-flex-column-vertical\" data-id=\"75497dc\" data-element_type=\"column\">\n\t\t\t<div class=\"elementor-widget-wrap elementor-element-populated\">\n\t\t\t\t\t\t<div class=\"elementor-element elementor-element-d3c7251 elementor-widget elementor-widget-text-editor\" data-id=\"d3c7251\" data-element_type=\"widget\" data-widget_type=\"text-editor.default\">\n\t\t\t\t<div class=\"elementor-widget-container\">\n\t\t\t\t\t\t\t<p>Chez HA POWER, nous comprenons que chaque projet est unique. C&rsquo;est pourquoi nous collaborons \u00e9troitement avec nos clients pour comprendre leurs besoins sp\u00e9cifiques et concevoir des solutions sur mesure qui r\u00e9pondent \u00e0 leurs exigences, tout en optimisant les performances et en minimisant l&rsquo;impact environnemental.<\/p><h4><span style=\"color: #ffffff;\">Notre Vision<\/span><\/h4><p>Notre vision est de devenir un leader reconnu dans le domaine des solutions \u00e9nerg\u00e9tiques durables. Nous aspirons \u00e0 inspirer le changement et \u00e0 contribuer \u00e0 un avenir plus propre et plus durable pour les g\u00e9n\u00e9rations futures.<\/p>\t\t\t\t\t\t<\/div>\n\t\t\t\t<\/div>\n\t\t\t\t\t<\/div>\n\t\t<\/div>\n\t\t\t\t\t<\/div>\n\t\t<\/section>\n\t\t\t\t\t<\/div>\n\t\t<\/div>\n\t\t\t\t\t<\/div>\n\t\t<\/section>\n\t\t\t\t<\/div>\n\t\t","protected":false},"excerpt":{"rendered":"<p>A propos de nous HA POWER Bienvenue chez HA POWER, votre partenaire de confiance pour des solutions durables en pompage, irrigation et \u00e9nergie renouvelable. Notre Engagement Chez HA POWER, nous sommes passionn\u00e9s par l&rsquo;innovation et la durabilit\u00e9. Notre engagement est d&rsquo;offrir \u00e0 nos clients des solutions \u00e9nerg\u00e9tiques efficaces et respectueuses de l&rsquo;environnement, tout en r\u00e9pondant [&hellip;]<\/p>\n","protected":false},"author":1,"featured_media":0,"parent":0,"menu_order":0,"comment_status":"closed","ping_status":"closed","template":"","meta":{"footnotes":"","_joinchat":[]},"_links":{"self":[{"href":"https:\/\/hapower.ma\/index.php\/wp-json\/wp\/v2\/pages\/1579"}],"collection":[{"href":"https:\/\/hapower.ma\/index.php\/wp-json\/wp\/v2\/pages"}],"about":[{"href":"https:\/\/hapower.ma\/index.php\/wp-json\/wp\/v2\/types\/page"}],"author":[{"embeddable":true,"href":"https:\/\/hapower.ma\/index.php\/wp-json\/wp\/v2\/users\/1"}],"replies":[{"embeddable":true,"href":"https:\/\/hapower.ma\/index.php\/wp-json\/wp\/v2\/comments?post=1579"}],"version-history":[{"count":19,"href":"https:\/\/hapower.ma\/index.php\/wp-json\/wp\/v2\/pages\/1579\/revisions"}],"predecessor-version":[{"id":5605,"href":"https:\/\/hapower.ma\/index.php\/wp-json\/wp\/v2\/pages\/1579\/revisions\/5605"}],"wp:attachment":[{"href":"https:\/\/hapower.ma\/index.php\/wp-json\/wp\/v2\/media?parent=1579"}],"curies":[{"name":"wp","href":"https:\/\/api.w.org\/{rel}","templated":true}]}}