{"id":1496,"date":"2020-01-07T09:09:07","date_gmt":"2020-01-07T09:09:07","guid":{"rendered":"http:\/\/wpdemo.archiwp.com\/engitech\/?page_id=1496"},"modified":"2024-05-07T23:38:42","modified_gmt":"2024-05-07T21:38:42","slug":"why-choose-us","status":"publish","type":"page","link":"https:\/\/hapower.ma\/index.php\/why-choose-us\/","title":{"rendered":"Why Choose Us"},"content":{"rendered":"\t\t<div data-elementor-type=\"wp-page\" data-elementor-id=\"1496\" class=\"elementor elementor-1496\">\n\t\t\t\t\t\t<section class=\"elementor-section elementor-top-section elementor-element elementor-element-f7ffdaf ot-traditional elementor-section-boxed elementor-section-height-default elementor-section-height-default\" data-id=\"f7ffdaf\" data-element_type=\"section\" data-settings=\"{&quot;background_background&quot;:&quot;classic&quot;}\">\n\t\t\t\t\t\t<div class=\"elementor-container elementor-column-gap-extended\">\n\t\t\t\t\t<div class=\"elementor-column elementor-col-100 elementor-top-column elementor-element elementor-element-6665190 ot-flex-column-vertical\" data-id=\"6665190\" data-element_type=\"column\">\n\t\t\t<div class=\"elementor-widget-wrap elementor-element-populated\">\n\t\t\t\t\t\t<div class=\"elementor-element elementor-element-5c56f12 elementor-widget elementor-widget-iheading\" data-id=\"5c56f12\" data-element_type=\"widget\" data-widget_type=\"iheading.default\">\n\t\t\t\t<div class=\"elementor-widget-container\">\n\t\t\t\t\t<div class=\"ot-heading\">\r\n\t        \t            <span>HA POWER<\/span>\r\n\t        <h2 class=\"main-heading\">Pourquoi nous choisir <\/h2>\t    <\/div>\r\n\t    \t\t<\/div>\n\t\t\t\t<\/div>\n\t\t\t\t<div class=\"elementor-element elementor-element-ae59a69 elementor-widget elementor-widget-text-editor\" data-id=\"ae59a69\" data-element_type=\"widget\" data-widget_type=\"text-editor.default\">\n\t\t\t\t<div class=\"elementor-widget-container\">\n\t\t\t<style>\/*! elementor - v3.20.0 - 11-03-2024 *\/\n.elementor-widget-text-editor.elementor-drop-cap-view-stacked .elementor-drop-cap{background-color:#69727d;color:#fff}.elementor-widget-text-editor.elementor-drop-cap-view-framed .elementor-drop-cap{color:#69727d;border:3px solid;background-color:transparent}.elementor-widget-text-editor:not(.elementor-drop-cap-view-default) .elementor-drop-cap{margin-top:8px}.elementor-widget-text-editor:not(.elementor-drop-cap-view-default) .elementor-drop-cap-letter{width:1em;height:1em}.elementor-widget-text-editor .elementor-drop-cap{float:left;text-align:center;line-height:1;font-size:50px}.elementor-widget-text-editor .elementor-drop-cap-letter{display:inline-block}<\/style>\t\t\t\t\t\t\t\t\t\t<\/div>\n\t\t\t\t<\/div>\n\t\t\t\t<section class=\"elementor-section elementor-inner-section elementor-element elementor-element-57af9e5 elementor-section-full_width ot-traditional elementor-section-height-default elementor-section-height-default\" data-id=\"57af9e5\" data-element_type=\"section\">\n\t\t\t\t\t\t<div class=\"elementor-container elementor-column-gap-extended\">\n\t\t\t\t\t<div class=\"elementor-column elementor-col-50 elementor-inner-column elementor-element elementor-element-a8a9a48 ot-flex-column-vertical\" data-id=\"a8a9a48\" data-element_type=\"column\">\n\t\t\t<div class=\"elementor-widget-wrap elementor-element-populated\">\n\t\t\t\t\t\t<div class=\"elementor-element elementor-element-a3f7242 elementor-widget elementor-widget-iiconbox1\" data-id=\"a3f7242\" data-element_type=\"widget\" data-widget_type=\"iiconbox1.default\">\n\t\t\t\t<div class=\"elementor-widget-container\">\n\t\t\t\t\t<div class=\"icon-box-s1\">\r\n\t\t\t<div class=\"icon-main\">\r\n\t\t        \t\t\t    \t\t        <span class=\"flaticon-medal\"><\/span>\t        <\/div>\r\n\t        <h5>Expertise Compl\u00e8te<\/h5>\r\n\t        <div class=\"line-box\"><\/div>\r\n\t        <p>HA POWER se distingue par son expertise compl\u00e8te dans les domaines du pompage, de l'irrigation et des \u00e9nergies renouvelables. Notre \u00e9quipe hautement qualifi\u00e9e est capable de fournir des solutions int\u00e9gr\u00e9es et personnalis\u00e9es pour r\u00e9pondre \u00e0 vos besoins sp\u00e9cifiques.<\/p>\r\n\t    <\/div>\r\n\t    \t\t<\/div>\n\t\t\t\t<\/div>\n\t\t\t\t\t<\/div>\n\t\t<\/div>\n\t\t\t\t<div class=\"elementor-column elementor-col-50 elementor-inner-column elementor-element elementor-element-e0a9c03 ot-flex-column-vertical\" data-id=\"e0a9c03\" data-element_type=\"column\">\n\t\t\t<div class=\"elementor-widget-wrap elementor-element-populated\">\n\t\t\t\t\t\t<div class=\"elementor-element elementor-element-b90ddea elementor-widget elementor-widget-iiconbox1\" data-id=\"b90ddea\" data-element_type=\"widget\" data-widget_type=\"iiconbox1.default\">\n\t\t\t\t<div class=\"elementor-widget-container\">\n\t\t\t\t\t<div class=\"icon-box-s1\">\r\n\t\t\t<div class=\"icon-main\">\r\n\t\t        \t\t\t    \t\t        <span class=\"flaticon-gear\"><\/span>\t        <\/div>\r\n\t        <h5>Engagement envers la Durabilit\u00e9<\/h5>\r\n\t        <div class=\"line-box\"><\/div>\r\n\t        <p>Nous sommes profond\u00e9ment engag\u00e9s envers la durabilit\u00e9. En choisissant HA POWER, vous optez pour des solutions \u00e9nerg\u00e9tiques respectueuses de l'environnement, contribuant ainsi \u00e0 la pr\u00e9servation de notre plan\u00e8te pour les g\u00e9n\u00e9rations futures.<\/p>\r\n\t    <\/div>\r\n\t    \t\t<\/div>\n\t\t\t\t<\/div>\n\t\t\t\t\t<\/div>\n\t\t<\/div>\n\t\t\t\t\t<\/div>\n\t\t<\/section>\n\t\t\t\t<section class=\"elementor-section elementor-inner-section elementor-element elementor-element-6eb60e3 elementor-section-full_width ot-traditional elementor-section-height-default elementor-section-height-default\" data-id=\"6eb60e3\" data-element_type=\"section\">\n\t\t\t\t\t\t<div class=\"elementor-container elementor-column-gap-extended\">\n\t\t\t\t\t<div class=\"elementor-column elementor-col-50 elementor-inner-column elementor-element elementor-element-ca071c4 ot-flex-column-vertical\" data-id=\"ca071c4\" data-element_type=\"column\">\n\t\t\t<div class=\"elementor-widget-wrap elementor-element-populated\">\n\t\t\t\t\t\t<div class=\"elementor-element elementor-element-aa1ca01 elementor-widget elementor-widget-iiconbox1\" data-id=\"aa1ca01\" data-element_type=\"widget\" data-widget_type=\"iiconbox1.default\">\n\t\t\t\t<div class=\"elementor-widget-container\">\n\t\t\t\t\t<div class=\"icon-box-s1\">\r\n\t\t\t<div class=\"icon-main\">\r\n\t\t        \t\t\t    \t\t        <span class=\"flaticon-medal\"><\/span>\t        <\/div>\r\n\t        <h5>Innovation et Technologie de Pointe<\/h5>\r\n\t        <div class=\"line-box\"><\/div>\r\n\t        <p>Nous sommes \u00e0 la pointe de l'innovation et de la technologie. En collaborant avec HA POWER, vous b\u00e9n\u00e9ficiez des derni\u00e8res avanc\u00e9es technologiques dans les domaines du pompage, de l'irrigation et des \u00e9nergies renouvelables, garantissant ainsi des performances optimales.<\/p>\r\n\t    <\/div>\r\n\t    \t\t<\/div>\n\t\t\t\t<\/div>\n\t\t\t\t\t<\/div>\n\t\t<\/div>\n\t\t\t\t<div class=\"elementor-column elementor-col-50 elementor-inner-column elementor-element elementor-element-aa3c399 ot-flex-column-vertical\" data-id=\"aa3c399\" data-element_type=\"column\">\n\t\t\t<div class=\"elementor-widget-wrap elementor-element-populated\">\n\t\t\t\t\t\t<div class=\"elementor-element elementor-element-ced2a79 elementor-widget elementor-widget-iiconbox1\" data-id=\"ced2a79\" data-element_type=\"widget\" data-widget_type=\"iiconbox1.default\">\n\t\t\t\t<div class=\"elementor-widget-container\">\n\t\t\t\t\t<div class=\"icon-box-s1\">\r\n\t\t\t<div class=\"icon-main\">\r\n\t\t        \t\t\t    \t\t        <span class=\"flaticon-gear\"><\/span>\t        <\/div>\r\n\t        <h5>Approche Personnalis\u00e9e<\/h5>\r\n\t        <div class=\"line-box\"><\/div>\r\n\t        <p>Chez HA POWER, nous comprenons que chaque projet est unique. Notre approche est donc enti\u00e8rement personnalis\u00e9e, ax\u00e9e sur la compr\u00e9hension approfondie de vos besoins sp\u00e9cifiques et la fourniture de solutions sur mesure qui r\u00e9pondent \u00e0 vos exigences.<\/p>\r\n\t    <\/div>\r\n\t    \t\t<\/div>\n\t\t\t\t<\/div>\n\t\t\t\t\t<\/div>\n\t\t<\/div>\n\t\t\t\t\t<\/div>\n\t\t<\/section>\n\t\t\t\t\t<\/div>\n\t\t<\/div>\n\t\t\t\t\t<\/div>\n\t\t<\/section>\n\t\t\t\t<\/div>\n\t\t","protected":false},"excerpt":{"rendered":"<p>HA POWER Pourquoi nous choisir Expertise Compl\u00e8te HA POWER se distingue par son expertise compl\u00e8te dans les domaines du pompage, de l&rsquo;irrigation et des \u00e9nergies renouvelables. Notre \u00e9quipe hautement qualifi\u00e9e est capable de fournir des solutions int\u00e9gr\u00e9es et personnalis\u00e9es pour r\u00e9pondre \u00e0 vos besoins sp\u00e9cifiques. Engagement envers la Durabilit\u00e9 Nous sommes profond\u00e9ment engag\u00e9s envers la [&hellip;]<\/p>\n","protected":false},"author":1,"featured_media":0,"parent":0,"menu_order":0,"comment_status":"closed","ping_status":"closed","template":"","meta":{"footnotes":"","_joinchat":[]},"_links":{"self":[{"href":"https:\/\/hapower.ma\/index.php\/wp-json\/wp\/v2\/pages\/1496"}],"collection":[{"href":"https:\/\/hapower.ma\/index.php\/wp-json\/wp\/v2\/pages"}],"about":[{"href":"https:\/\/hapower.ma\/index.php\/wp-json\/wp\/v2\/types\/page"}],"author":[{"embeddable":true,"href":"https:\/\/hapower.ma\/index.php\/wp-json\/wp\/v2\/users\/1"}],"replies":[{"embeddable":true,"href":"https:\/\/hapower.ma\/index.php\/wp-json\/wp\/v2\/comments?post=1496"}],"version-history":[{"count":12,"href":"https:\/\/hapower.ma\/index.php\/wp-json\/wp\/v2\/pages\/1496\/revisions"}],"predecessor-version":[{"id":5611,"href":"https:\/\/hapower.ma\/index.php\/wp-json\/wp\/v2\/pages\/1496\/revisions\/5611"}],"wp:attachment":[{"href":"https:\/\/hapower.ma\/index.php\/wp-json\/wp\/v2\/media?parent=1496"}],"curies":[{"name":"wp","href":"https:\/\/api.w.org\/{rel}","templated":true}]}}