{"id":1390,"date":"2020-01-03T04:23:54","date_gmt":"2020-01-03T04:23:54","guid":{"rendered":"http:\/\/wpdemo.archiwp.com\/engitech\/?page_id=1390"},"modified":"2024-05-07T23:41:29","modified_gmt":"2024-05-07T21:41:29","slug":"faqs","status":"publish","type":"page","link":"https:\/\/hapower.ma\/index.php\/faqs\/","title":{"rendered":"FAQs"},"content":{"rendered":"\t\t<div data-elementor-type=\"wp-page\" data-elementor-id=\"1390\" class=\"elementor elementor-1390\">\n\t\t\t\t\t\t<section class=\"elementor-section elementor-top-section elementor-element elementor-element-7217fba ot-traditional elementor-section-boxed elementor-section-height-default elementor-section-height-default\" data-id=\"7217fba\" data-element_type=\"section\">\n\t\t\t\t\t\t<div class=\"elementor-container elementor-column-gap-default\">\n\t\t\t\t\t<div class=\"elementor-column elementor-col-100 elementor-top-column elementor-element elementor-element-2fc0969 ot-flex-column-vertical\" data-id=\"2fc0969\" data-element_type=\"column\">\n\t\t\t<div class=\"elementor-widget-wrap elementor-element-populated\">\n\t\t\t\t\t\t<div class=\"elementor-element elementor-element-e69e6d7 elementor-widget elementor-widget-iheading\" data-id=\"e69e6d7\" data-element_type=\"widget\" data-widget_type=\"iheading.default\">\n\t\t\t\t<div class=\"elementor-widget-container\">\n\t\t\t\t\t<div class=\"ot-heading\">\r\n\t        \t            <span>HA POWER<\/span>\r\n\t        <h2 class=\"main-heading\">Lire la plupart <br>\nQuestions fr\u00e9quentes<\/h2>\t    <\/div>\r\n\t    \t\t<\/div>\n\t\t\t\t<\/div>\n\t\t\t\t<section class=\"elementor-section elementor-inner-section elementor-element elementor-element-973c550 elementor-section-full_width ot-traditional elementor-section-height-default elementor-section-height-default\" data-id=\"973c550\" data-element_type=\"section\">\n\t\t\t\t\t\t<div class=\"elementor-container elementor-column-gap-extended\">\n\t\t\t\t\t<div class=\"elementor-column elementor-col-100 elementor-inner-column elementor-element elementor-element-05e1b9e ot-flex-column-vertical\" data-id=\"05e1b9e\" data-element_type=\"column\">\n\t\t\t<div class=\"elementor-widget-wrap elementor-element-populated\">\n\t\t\t\t\t\t<div class=\"elementor-element elementor-element-890a410 elementor-widget elementor-widget-iaccordions\" data-id=\"890a410\" data-element_type=\"widget\" data-widget_type=\"iaccordions.default\">\n\t\t\t\t<div class=\"elementor-widget-container\">\n\t\t\t\r\n\t\t<div class=\"ot-accordions\">\r\n\t\t\t\t\t\t<div class=\"acc-item\">\r\n\t\t\t\t<span class=\"acc-toggle\"> Quels types d'\u00e9nergies renouvelables proposez-vous ? <i class=\"down flaticon-download-arrow\"><\/i><i class=\"up flaticon-up-arrow\"><\/i><\/span>\r\n\t\t\t\t<div class=\"acc-content\">\r\n\t\t\t\t\t<p>Nous proposons une gamme compl\u00e8te d'\u00e9nergies renouvelables, notamment l'\u00e9nergie solaire, \u00e9olienne, hydro\u00e9lectrique et biomasse. Nous pouvons vous aider \u00e0 choisir la solution qui convient le mieux \u00e0 vos besoins sp\u00e9cifiques.<\/p>\t\t\t\t<\/div>\r\n\t\t\t<\/div>\r\n\t\t\t\t\t\t<div class=\"acc-item\">\r\n\t\t\t\t<span class=\"acc-toggle\">Quels sont les avantages des \u00e9nergies renouvelables par rapport aux sources d'\u00e9nergie traditionnelles ? <i class=\"down flaticon-download-arrow\"><\/i><i class=\"up flaticon-up-arrow\"><\/i><\/span>\r\n\t\t\t\t<div class=\"acc-content\">\r\n\t\t\t\t\t<p>Les \u00e9nergies renouvelables offrent de nombreux avantages, notamment une empreinte carbone r\u00e9duite, une disponibilit\u00e9 illimit\u00e9e, des co\u00fbts d'exploitation plus bas \u00e0 long terme et une ind\u00e9pendance \u00e9nerg\u00e9tique accrue.<\/p>\t\t\t\t<\/div>\r\n\t\t\t<\/div>\r\n\t\t\t\t\t\t<div class=\"acc-item\">\r\n\t\t\t\t<span class=\"acc-toggle\">Comment puis-je savoir si les \u00e9nergies renouvelables conviennent \u00e0 mon projet ? <i class=\"down flaticon-download-arrow\"><\/i><i class=\"up flaticon-up-arrow\"><\/i><\/span>\r\n\t\t\t\t<div class=\"acc-content\">\r\n\t\t\t\t\t<p>Nous proposons une \u00e9valuation compl\u00e8te de votre projet pour d\u00e9terminer la viabilit\u00e9 des \u00e9nergies renouvelables. Nos experts analyseront vos besoins \u00e9nerg\u00e9tiques, les conditions environnementales et d'autres facteurs pertinents pour vous fournir une recommandation personnalis\u00e9e.<\/p>\t\t\t\t<\/div>\r\n\t\t\t<\/div>\r\n\t\t\t\t\t\t<div class=\"acc-item\">\r\n\t\t\t\t<span class=\"acc-toggle\">Quels sont les co\u00fbts associ\u00e9s \u00e0 l'installation d'un syst\u00e8me d'\u00e9nergie renouvelable ? <i class=\"down flaticon-download-arrow\"><\/i><i class=\"up flaticon-up-arrow\"><\/i><\/span>\r\n\t\t\t\t<div class=\"acc-content\">\r\n\t\t\t\t\t<p>Les co\u00fbts varient en fonction de la taille du projet, du type de technologie utilis\u00e9e et d'autres facteurs sp\u00e9cifiques au site. Nous vous fournirons une estimation d\u00e9taill\u00e9e des co\u00fbts lors de notre \u00e9valuation initiale.<\/p>\t\t\t\t<\/div>\r\n\t\t\t<\/div>\r\n\t\t\t\t\t\t<div class=\"acc-item\">\r\n\t\t\t\t<span class=\"acc-toggle\">Quelle est la dur\u00e9e de vie typique d'un syst\u00e8me d'\u00e9nergie renouvelable ? <i class=\"down flaticon-download-arrow\"><\/i><i class=\"up flaticon-up-arrow\"><\/i><\/span>\r\n\t\t\t\t<div class=\"acc-content\">\r\n\t\t\t\t\t<p>La dur\u00e9e de vie varie selon le type de syst\u00e8me et les conditions d'exploitation, mais la plupart des syst\u00e8mes d'\u00e9nergie renouvelable ont une dur\u00e9e de vie de 20 \u00e0 30 ans ou plus avec un entretien appropri\u00e9.<\/p>\t\t\t\t<\/div>\r\n\t\t\t<\/div>\r\n\t\t\t\t\t\t<div class=\"acc-item\">\r\n\t\t\t\t<span class=\"acc-toggle\">Offrez-vous des services de maintenance pour les syst\u00e8mes d'\u00e9nergie renouvelable ? <i class=\"down flaticon-download-arrow\"><\/i><i class=\"up flaticon-up-arrow\"><\/i><\/span>\r\n\t\t\t\t<div class=\"acc-content\">\r\n\t\t\t\t\t<p>Oui, nous proposons des contrats de maintenance pour assurer le bon fonctionnement et la durabilit\u00e9 de votre syst\u00e8me d'\u00e9nergie renouvelable. Nos techniciens qualifi\u00e9s peuvent effectuer des inspections r\u00e9guli\u00e8res, des r\u00e9parations et des mises \u00e0 niveau selon vos besoins.<\/p>\t\t\t\t<\/div>\r\n\t\t\t<\/div>\r\n\t\t\t\t\t\t<div class=\"acc-item\">\r\n\t\t\t\t<span class=\"acc-toggle\"> Comment puis-je d\u00e9marrer mon projet d'\u00e9nergie renouvelable avec HA POWER ? <i class=\"down flaticon-download-arrow\"><\/i><i class=\"up flaticon-up-arrow\"><\/i><\/span>\r\n\t\t\t\t<div class=\"acc-content\">\r\n\t\t\t\t\t<p>Pour d\u00e9marrer votre projet d'\u00e9nergie renouvelable avec nous, contactez-nous pour planifier une consultation initiale. Nous serons ravis de discuter de vos besoins et de vous proposer des solutions sur mesure pour votre projet.<\/p>\t\t\t\t<\/div>\r\n\t\t\t<\/div>\r\n\t\t\t\t    <\/div>\r\n\r\n\t    \t\t<\/div>\n\t\t\t\t<\/div>\n\t\t\t\t\t<\/div>\n\t\t<\/div>\n\t\t\t\t\t<\/div>\n\t\t<\/section>\n\t\t\t\t\t<\/div>\n\t\t<\/div>\n\t\t\t\t\t<\/div>\n\t\t<\/section>\n\t\t\t\t<\/div>\n\t\t","protected":false},"excerpt":{"rendered":"<p>HA POWER Lire la plupart Questions fr\u00e9quentes Quels types d&rsquo;\u00e9nergies renouvelables proposez-vous ? Nous proposons une gamme compl\u00e8te d&rsquo;\u00e9nergies renouvelables, notamment l&rsquo;\u00e9nergie solaire, \u00e9olienne, hydro\u00e9lectrique et biomasse. Nous pouvons vous aider \u00e0 choisir la solution qui convient le mieux \u00e0 vos besoins sp\u00e9cifiques. Quels sont les avantages des \u00e9nergies renouvelables par rapport aux sources d&rsquo;\u00e9nergie [&hellip;]<\/p>\n","protected":false},"author":1,"featured_media":0,"parent":0,"menu_order":0,"comment_status":"closed","ping_status":"closed","template":"","meta":{"footnotes":"","_joinchat":[]},"_links":{"self":[{"href":"https:\/\/hapower.ma\/index.php\/wp-json\/wp\/v2\/pages\/1390"}],"collection":[{"href":"https:\/\/hapower.ma\/index.php\/wp-json\/wp\/v2\/pages"}],"about":[{"href":"https:\/\/hapower.ma\/index.php\/wp-json\/wp\/v2\/types\/page"}],"author":[{"embeddable":true,"href":"https:\/\/hapower.ma\/index.php\/wp-json\/wp\/v2\/users\/1"}],"replies":[{"embeddable":true,"href":"https:\/\/hapower.ma\/index.php\/wp-json\/wp\/v2\/comments?post=1390"}],"version-history":[{"count":12,"href":"https:\/\/hapower.ma\/index.php\/wp-json\/wp\/v2\/pages\/1390\/revisions"}],"predecessor-version":[{"id":5614,"href":"https:\/\/hapower.ma\/index.php\/wp-json\/wp\/v2\/pages\/1390\/revisions\/5614"}],"wp:attachment":[{"href":"https:\/\/hapower.ma\/index.php\/wp-json\/wp\/v2\/media?parent=1390"}],"curies":[{"name":"wp","href":"https:\/\/api.w.org\/{rel}","templated":true}]}}